{"id":3815,"date":"2021-01-18T15:16:57","date_gmt":"2021-01-18T15:16:57","guid":{"rendered":"https:\/\/vipack.nl\/stellenangebote\/"},"modified":"2025-10-29T08:40:18","modified_gmt":"2025-10-29T08:40:18","slug":"stellenangebote","status":"publish","type":"page","link":"https:\/\/vipack.nl\/de\/stellenangebote\/","title":{"rendered":"Stellenangebote"},"content":{"rendered":"\t\t<div data-elementor-type=\"wp-page\" data-elementor-id=\"3815\" class=\"elementor elementor-3815 elementor-147\" data-elementor-post-type=\"page\">\n\t\t\t\t\t\t<section class=\"elementor-section elementor-top-section elementor-element elementor-element-469e729 elementor-section-height-min-height elementor-section-boxed elementor-section-height-default elementor-section-items-middle\" data-id=\"469e729\" data-element_type=\"section\" data-settings=\"{&quot;background_background&quot;:&quot;gradient&quot;}\">\n\t\t\t\t\t\t<div class=\"elementor-container elementor-column-gap-no\">\n\t\t\t\t\t<div class=\"elementor-column elementor-col-100 elementor-top-column elementor-element elementor-element-afe1615\" data-id=\"afe1615\" data-element_type=\"column\">\n\t\t\t<div class=\"elementor-widget-wrap elementor-element-populated\">\n\t\t\t\t\t\t<div class=\"elementor-element elementor-element-a798442 animated-fast elementor-invisible elementor-widget elementor-widget-heading\" data-id=\"a798442\" data-element_type=\"widget\" data-settings=\"{&quot;_animation&quot;:&quot;fadeInUp&quot;,&quot;_animation_delay&quot;:200}\" data-widget_type=\"heading.default\">\n\t\t\t\t<div class=\"elementor-widget-container\">\n\t\t\t\t\t<h1 class=\"elementor-heading-title elementor-size-default\">Werden Sie unsere neue Kollegin\/unser neuer Kollege?<\/h1>\t\t\t\t<\/div>\n\t\t\t\t<\/div>\n\t\t\t\t<div class=\"elementor-element elementor-element-5e9e153 elementor-invisible elementor-widget elementor-widget-text-editor\" data-id=\"5e9e153\" data-element_type=\"widget\" data-settings=\"{&quot;_animation&quot;:&quot;fadeIn&quot;,&quot;_animation_delay&quot;:500}\" data-widget_type=\"text-editor.default\">\n\t\t\t\t<div class=\"elementor-widget-container\">\n\t\t\t\t\t\t\t\t\t<p>Bei Vipack sind wir immer auf der Suche nach (verborgenen) Talenten.<\/p>\n\t\t\t\t\t\t\t\t<\/div>\n\t\t\t\t<\/div>\n\t\t\t\t<div class=\"elementor-element elementor-element-108d230 elementor-absolute elementor-widget__width-auto elementor-widget-tablet__width-auto elementor-widget-mobile__width-initial elementor-widget elementor-widget-image\" data-id=\"108d230\" data-element_type=\"widget\" data-settings=\"{&quot;_position&quot;:&quot;absolute&quot;}\" data-widget_type=\"image.default\">\n\t\t\t\t<div class=\"elementor-widget-container\">\n\t\t\t\t\t\t\t\t\t\t\t\t\t\t\t<img decoding=\"async\" width=\"130\" height=\"130\" src=\"https:\/\/vipack.nl\/wp-content\/uploads\/2020\/08\/Grote-bol-header.png\" class=\"attachment-large size-large wp-image-3156\" alt=\"\" \/>\t\t\t\t\t\t\t\t\t\t\t\t\t\t\t<\/div>\n\t\t\t\t<\/div>\n\t\t\t\t<div class=\"elementor-element elementor-element-711701e elementor-absolute elementor-widget__width-auto elementor-widget-tablet__width-auto elementor-widget elementor-widget-image\" data-id=\"711701e\" data-element_type=\"widget\" data-settings=\"{&quot;_position&quot;:&quot;absolute&quot;}\" data-widget_type=\"image.default\">\n\t\t\t\t<div class=\"elementor-widget-container\">\n\t\t\t\t\t\t\t\t\t\t\t\t\t\t\t<img decoding=\"async\" width=\"67\" height=\"67\" src=\"https:\/\/vipack.nl\/wp-content\/uploads\/2020\/08\/Middelste-bol-header.png\" class=\"attachment-large size-large wp-image-3162\" alt=\"\" \/>\t\t\t\t\t\t\t\t\t\t\t\t\t\t\t<\/div>\n\t\t\t\t<\/div>\n\t\t\t\t<div class=\"elementor-element elementor-element-57c3d2b elementor-absolute elementor-widget__width-auto elementor-widget-mobile__width-auto elementor-widget-tablet__width-auto elementor-widget elementor-widget-image\" data-id=\"57c3d2b\" data-element_type=\"widget\" data-settings=\"{&quot;_position&quot;:&quot;absolute&quot;}\" data-widget_type=\"image.default\">\n\t\t\t\t<div class=\"elementor-widget-container\">\n\t\t\t\t\t\t\t\t\t\t\t\t\t\t\t<img decoding=\"async\" width=\"25\" height=\"25\" src=\"https:\/\/vipack.nl\/wp-content\/uploads\/2020\/08\/Kleinste-bol-header.png\" class=\"attachment-large size-large wp-image-3159\" alt=\"\" \/>\t\t\t\t\t\t\t\t\t\t\t\t\t\t\t<\/div>\n\t\t\t\t<\/div>\n\t\t\t\t\t<\/div>\n\t\t<\/div>\n\t\t\t\t\t<\/div>\n\t\t<\/section>\n\t\t\t\t<section class=\"elementor-section elementor-top-section elementor-element elementor-element-b500734 elementor-section-boxed elementor-section-height-default elementor-section-height-default\" data-id=\"b500734\" data-element_type=\"section\">\n\t\t\t\t\t\t<div class=\"elementor-container elementor-column-gap-no\">\n\t\t\t\t\t<div class=\"elementor-column elementor-col-50 elementor-top-column elementor-element elementor-element-0130b94\" data-id=\"0130b94\" data-element_type=\"column\">\n\t\t\t<div class=\"elementor-widget-wrap elementor-element-populated\">\n\t\t\t\t\t\t<div class=\"elementor-element elementor-element-33f8049 elementor-widget elementor-widget-text-editor\" data-id=\"33f8049\" data-element_type=\"widget\" data-widget_type=\"text-editor.default\">\n\t\t\t\t<div class=\"elementor-widget-container\">\n\t\t\t\t\t\t\t\t\t<p>Sehen Sie sich<\/p>\n\t\t\t\t\t\t\t\t<\/div>\n\t\t\t\t<\/div>\n\t\t\t\t<div class=\"elementor-element elementor-element-999f5c4 elementor-widget elementor-widget-heading\" data-id=\"999f5c4\" data-element_type=\"widget\" data-widget_type=\"heading.default\">\n\t\t\t\t<div class=\"elementor-widget-container\">\n\t\t\t\t\t<h2 class=\"elementor-heading-title elementor-size-default\">Vipacks Stellenangebote an<\/h2>\t\t\t\t<\/div>\n\t\t\t\t<\/div>\n\t\t\t\t<div class=\"elementor-element elementor-element-9e4451b elementor-absolute elementor-widget__width-auto elementor-widget-mobile__width-auto elementor-widget-tablet__width-auto elementor-widget elementor-widget-image\" data-id=\"9e4451b\" data-element_type=\"widget\" data-settings=\"{&quot;_position&quot;:&quot;absolute&quot;}\" data-widget_type=\"image.default\">\n\t\t\t\t<div class=\"elementor-widget-container\">\n\t\t\t\t\t\t\t\t\t\t\t\t\t\t\t<img loading=\"lazy\" decoding=\"async\" width=\"136\" height=\"134\" src=\"https:\/\/vipack.nl\/wp-content\/uploads\/2020\/08\/Blob-vacatures.png\" class=\"attachment-large size-large wp-image-3165\" alt=\"\" \/>\t\t\t\t\t\t\t\t\t\t\t\t\t\t\t<\/div>\n\t\t\t\t<\/div>\n\t\t\t\t\t<\/div>\n\t\t<\/div>\n\t\t\t\t<div class=\"elementor-column elementor-col-50 elementor-top-column elementor-element elementor-element-2250504\" data-id=\"2250504\" data-element_type=\"column\">\n\t\t\t<div class=\"elementor-widget-wrap elementor-element-populated\">\n\t\t\t\t\t\t<div class=\"elementor-element elementor-element-0bbb1f8 elementor-widget elementor-widget-text-editor\" data-id=\"0bbb1f8\" data-element_type=\"widget\" data-widget_type=\"text-editor.default\">\n\t\t\t\t<div class=\"elementor-widget-container\">\n\t\t\t\t\t\t\t\t\t<p>Bei Vipack tragen Sie zur Entwicklung, Produktion oder Lieferung von Produkten f\u00fcr f\u00fchrende Einzelh\u00e4ndler im In- und Ausland bei. Und wenn Sie dann einen der L\u00e4den dieser Einzelh\u00e4ndler besuchen, finden Sie das Endprodukt dort in den Regalen. Daran haben Sie mitgearbeitet. Klingt interessant, oder? <\/p>\n<p>Ihr Traumjob steht nicht unter den offenen Stellen, aber Sie haben uns etwas zu bieten? Senden Sie eine Initiativbewerbung an <a href=\"mailto:pz@vipack.nl\">pz@vipack.nl<\/a>, vielleicht sehen wir uns dann schon bald!<\/p>\n\t\t\t\t\t\t\t\t<\/div>\n\t\t\t\t<\/div>\n\t\t\t\t\t<\/div>\n\t\t<\/div>\n\t\t\t\t\t<\/div>\n\t\t<\/section>\n\t\t\t\t<section class=\"elementor-section elementor-top-section elementor-element elementor-element-8836392 elementor-section-boxed elementor-section-height-default elementor-section-height-default\" data-id=\"8836392\" data-element_type=\"section\">\n\t\t\t\t\t\t<div class=\"elementor-container elementor-column-gap-no\">\n\t\t\t\t\t<div class=\"elementor-column elementor-col-100 elementor-top-column elementor-element elementor-element-f45c53e\" data-id=\"f45c53e\" data-element_type=\"column\">\n\t\t\t<div class=\"elementor-widget-wrap elementor-element-populated\">\n\t\t\t\t\t\t<div class=\"elementor-element elementor-element-3617929 elementor-hidden-desktop elementor-hidden-tablet elementor-hidden-mobile elementor-widget elementor-widget-toggle\" data-id=\"3617929\" data-element_type=\"widget\" data-widget_type=\"toggle.default\">\n\t\t\t\t<div class=\"elementor-widget-container\">\n\t\t\t\t\t\t\t<div class=\"elementor-toggle\">\n\t\t\t\t\t\t\t<div class=\"elementor-toggle-item\">\n\t\t\t\t\t<div id=\"elementor-tab-title-5671\" class=\"elementor-tab-title\" data-tab=\"1\" role=\"button\" aria-controls=\"elementor-tab-content-5671\" aria-expanded=\"false\">\n\t\t\t\t\t\t\t\t\t\t\t\t<span class=\"elementor-toggle-icon elementor-toggle-icon-left\" aria-hidden=\"true\">\n\t\t\t\t\t\t\t\t\t\t\t\t\t\t\t<span class=\"elementor-toggle-icon-closed\"><i class=\"fas fa-caret-right\"><\/i><\/span>\n\t\t\t\t\t\t\t\t<span class=\"elementor-toggle-icon-opened\"><i class=\"elementor-toggle-icon-opened fas fa-caret-up\"><\/i><\/span>\n\t\t\t\t\t\t\t\t\t\t\t\t\t<\/span>\n\t\t\t\t\t\t\t\t\t\t\t\t<a class=\"elementor-toggle-title\" tabindex=\"0\">Assistent controller<\/a>\n\t\t\t\t\t<\/div>\n\n\t\t\t\t\t<div id=\"elementor-tab-content-5671\" class=\"elementor-tab-content elementor-clearfix\" data-tab=\"1\" role=\"region\" aria-labelledby=\"elementor-tab-title-5671\"><p><strong>Vipack B.V. is een succesvolle, internationale speler die vloeibare was- en reinigingsmiddelen en \u2018rinse-off\u2019 cosmetica ontwikkelt, produceert en verkoopt aan de Europese retailmarkt. Samen met haar klanten ontwerpt Vipack product en productverpakkingen en ontwikkelt ze creatieve idee\u00ebn tot marktrijpe concepten, waarmee klanten hun huismerk kunnen versterken. Dit doet Vipack met een betrokken team van zo\u2019n 90 medewerkers in Zuid-Limburg.<\/strong><\/p><p>Met de overname door de huidige eigenaar (eind 2018) wordt de organisatie nieuw leven ingeblazen en ontstaan er plannen voor verdere expansie in het buitenland, nieuwe innovatieve productielijnen en verdere professionalisering van de organisatie. Voor het mede realiseren van deze ambitieuze groeiplannen en het mee uitbouwen van Vipack zoeken we een<\/p><p style=\"text-align: center;\"><strong>Assistent controller<\/strong><\/p><p><strong>Wat verwachten we?<\/strong><\/p><ul><li>Samen met je team up-to-date houden van de administratie<\/li><li>Samen verder optimaliseren van de processen en inrichting van de administratie<\/li><li>Maandafsluiting verzorgen inclusief voorbereiding van diverse aangiftes<\/li><li>Bewaken van KPI\u2019s en afwijkingen opmerken en analyseren<\/li><li>Je ontwikkelt, onderhoudt en verzorgt mede de maandelijkse managementinformatie en je stelt analyses en prognoses op voor het verhaal achter de cijfers<\/li><li>Mede inrichten van de planning &amp; control cyclus<\/li><li>Begrotingsvoorstellen mee beoordelen en toetsen aan de richtlijnen<\/li><li>Je participeert in het budgetteringsproces van de afdelingen en het hele bedrijf<\/li><li>Jaarafsluiting verzorgen en voorbereiden accountantscontrole<\/li><li>Je signaleert ontwikkelingen op het gebied van wet- en regelgeving en richtlijnen en levert een actieve bijdrage aan het voldoen daaraan<\/li><li>Je treedt op als projectleider van (deel)projecten<\/li><\/ul><p><strong>Wat vragen we?<\/strong><\/p><ul><li><p>Opleiding op Hbo-niveau, richting Bedrijfseconomie, Finance &amp; Control, Accountancy<\/p><\/li><li><p>2-5 jaren ervaring in een vergelijkbare functie, toe aan een 2e stap in carri\u00e8re<\/p><\/li><li><p>Goede analytische en communicatieve vaardigheden<\/p><\/li><li><p>Proactief en sterk in optimalisatie van processen en controles<\/p><\/li><li><p>Werkt gestructureerd en accuraat<\/p><\/li><li><p>Competentie \u2018samenwerken\u2019: bijdragen aan een gezamenlijk resultaat door een optimale afstemming tussen de eigen kwaliteiten en belangen en die van een collega of het bedrijf<\/p><\/li><li><p>Flexibel, sterk cijfermatig, oog voor detail en zelfstandig<\/p><\/li><li><p>Kennis van en ervaring met het werken met Exact Globe en Excel, kennis van en ervaring met Power-BI is een pr\u00e9.<\/p><\/li><\/ul><p><strong>Wat bieden we?<\/strong><\/p><ul><li>Een uitdagende en gevarieerde full time baan in een prettige werkomgeving<\/li><li>Een marktconform salaris en secundaire arbeidsvoorwaarden<\/li><li>30 verlofdagen<\/li><\/ul><p><strong>Interesse?<\/strong><\/p><p>Mail dan je cv met beknopte motivatiebrief naar pz@vipack.nl t.a.v Eric Hesp, Finance Manager<\/p><\/div>\n\t\t\t\t<\/div>\n\t\t\t\t\t\t\t\t<\/div>\n\t\t\t\t\t\t<\/div>\n\t\t\t\t<\/div>\n\t\t\t\t\t<\/div>\n\t\t<\/div>\n\t\t\t\t\t<\/div>\n\t\t<\/section>\n\t\t\t\t<\/div>\n\t\t","protected":false},"excerpt":{"rendered":"<p>Werden Sie unsere neue Kollegin\/unser neuer Kollege? Bei Vipack sind wir immer auf der Suche nach (verborgenen) Talenten. Sehen Sie sich Vipacks Stellenangebote an Bei Vipack tragen Sie zur Entwicklung, Produktion oder Lieferung von Produkten f\u00fcr f\u00fchrende Einzelh\u00e4ndler im In- und Ausland bei. Und wenn Sie dann einen der L\u00e4den dieser Einzelh\u00e4ndler besuchen, finden Sie [&hellip;]<\/p>\n","protected":false},"author":1,"featured_media":0,"parent":0,"menu_order":0,"comment_status":"closed","ping_status":"closed","template":"","meta":{"_monsterinsights_skip_tracking":false,"_monsterinsights_sitenote_active":false,"_monsterinsights_sitenote_note":"","_monsterinsights_sitenote_category":0,"footnotes":""},"class_list":["post-3815","page","type-page","status-publish","hentry"],"_links":{"self":[{"href":"https:\/\/vipack.nl\/de\/wp-json\/wp\/v2\/pages\/3815","targetHints":{"allow":["GET"]}}],"collection":[{"href":"https:\/\/vipack.nl\/de\/wp-json\/wp\/v2\/pages"}],"about":[{"href":"https:\/\/vipack.nl\/de\/wp-json\/wp\/v2\/types\/page"}],"author":[{"embeddable":true,"href":"https:\/\/vipack.nl\/de\/wp-json\/wp\/v2\/users\/1"}],"replies":[{"embeddable":true,"href":"https:\/\/vipack.nl\/de\/wp-json\/wp\/v2\/comments?post=3815"}],"version-history":[{"count":8,"href":"https:\/\/vipack.nl\/de\/wp-json\/wp\/v2\/pages\/3815\/revisions"}],"predecessor-version":[{"id":5361,"href":"https:\/\/vipack.nl\/de\/wp-json\/wp\/v2\/pages\/3815\/revisions\/5361"}],"wp:attachment":[{"href":"https:\/\/vipack.nl\/de\/wp-json\/wp\/v2\/media?parent=3815"}],"curies":[{"name":"wp","href":"https:\/\/api.w.org\/{rel}","templated":true}]}}