{"id":4140,"date":"2021-01-19T10:34:38","date_gmt":"2021-01-19T10:34:38","guid":{"rendered":"https:\/\/vipack.nl\/datenschutzerklaerung\/"},"modified":"2021-07-09T14:23:32","modified_gmt":"2021-07-09T14:23:32","slug":"datenschutzerklaerung","status":"publish","type":"page","link":"https:\/\/vipack.nl\/de\/datenschutzerklaerung\/","title":{"rendered":"Datenschutzerkl\u00e4rung"},"content":{"rendered":"\t\t<div data-elementor-type=\"wp-page\" data-elementor-id=\"4140\" class=\"elementor elementor-4140 elementor-172\" data-elementor-post-type=\"page\">\n\t\t\t\t\t\t<section class=\"elementor-section elementor-top-section elementor-element elementor-element-2c4e259 elementor-section-boxed elementor-section-height-default elementor-section-height-default\" data-id=\"2c4e259\" data-element_type=\"section\" data-settings=\"{&quot;background_background&quot;:&quot;classic&quot;}\">\n\t\t\t\t\t\t<div class=\"elementor-container elementor-column-gap-default\">\n\t\t\t\t\t<div class=\"elementor-column elementor-col-100 elementor-top-column elementor-element elementor-element-7e5e5e2\" data-id=\"7e5e5e2\" data-element_type=\"column\">\n\t\t\t<div class=\"elementor-widget-wrap elementor-element-populated\">\n\t\t\t\t\t\t<section class=\"elementor-section elementor-inner-section elementor-element elementor-element-debf111 elementor-section-boxed elementor-section-height-default elementor-section-height-default\" data-id=\"debf111\" data-element_type=\"section\" data-settings=\"{&quot;background_background&quot;:&quot;classic&quot;}\">\n\t\t\t\t\t\t<div class=\"elementor-container elementor-column-gap-default\">\n\t\t\t\t\t<div class=\"elementor-column elementor-col-100 elementor-inner-column elementor-element elementor-element-b5fcc42\" data-id=\"b5fcc42\" data-element_type=\"column\">\n\t\t\t<div class=\"elementor-widget-wrap elementor-element-populated\">\n\t\t\t\t\t\t<div class=\"elementor-element elementor-element-fb5d4f2 elementor-widget elementor-widget-heading\" data-id=\"fb5d4f2\" data-element_type=\"widget\" data-widget_type=\"heading.default\">\n\t\t\t\t<div class=\"elementor-widget-container\">\n\t\t\t\t\t<h1 class=\"elementor-heading-title elementor-size-default\">Datenschutzerkl\u00e4rung<\/h1>\t\t\t\t<\/div>\n\t\t\t\t<\/div>\n\t\t\t\t<div class=\"elementor-element elementor-element-63bde83 elementor-widget elementor-widget-text-editor\" data-id=\"63bde83\" data-element_type=\"widget\" data-widget_type=\"text-editor.default\">\n\t\t\t\t<div class=\"elementor-widget-container\">\n\t\t\t\t\t\t\t\t\t<p>Diese Datenschutzerkl\u00e4rung bezieht sich auf unsere Website https:\/\/www.vipack.nl und damit verbundene Dienste.<br \/>Vipack B.V., mit Sitz in der Minckelersstraat 7, 6372 PP Landgraaf, ist verantwortlich f\u00fcr die Verarbeitung personenbezogener Daten wie in dieser Datenschutzerkl\u00e4rung beschrieben.<\/p>\n<p><strong><b>Diese Datenschutzerkl\u00e4rung wurde zuletzt aktualisiert am: 25. November 2020. <\/b><\/strong><\/p>\n\t\t\t\t\t\t\t\t<\/div>\n\t\t\t\t<\/div>\n\t\t\t\t<div class=\"elementor-element elementor-element-83e1e79 elementor-widget elementor-widget-heading\" data-id=\"83e1e79\" data-element_type=\"widget\" data-widget_type=\"heading.default\">\n\t\t\t\t<div class=\"elementor-widget-container\">\n\t\t\t\t\t<h3 class=\"elementor-heading-title elementor-size-default\">Kontaktangaben<\/h3>\t\t\t\t<\/div>\n\t\t\t\t<\/div>\n\t\t\t\t<div class=\"elementor-element elementor-element-ec34692 elementor-widget elementor-widget-text-editor\" data-id=\"ec34692\" data-element_type=\"widget\" data-widget_type=\"text-editor.default\">\n\t\t\t\t<div class=\"elementor-widget-container\">\n\t\t\t\t\t\t\t\t\t<p>https:\/\/www.vipack.nl\/contact<br \/>Minckelersstraat 7, 6372 PP Landgraaf<br \/>+31457501220<\/p>\n<p>Der Datenschutzbeauftragte von Vipack B.V. ist erreichbar unter info@vipack.nl.<\/p>\n\t\t\t\t\t\t\t\t<\/div>\n\t\t\t\t<\/div>\n\t\t\t\t<div class=\"elementor-element elementor-element-2972734 elementor-widget elementor-widget-heading\" data-id=\"2972734\" data-element_type=\"widget\" data-widget_type=\"heading.default\">\n\t\t\t\t<div class=\"elementor-widget-container\">\n\t\t\t\t\t<h3 class=\"elementor-heading-title elementor-size-default\">Personenbezogene Daten, die wir verarbeiten<\/h3>\t\t\t\t<\/div>\n\t\t\t\t<\/div>\n\t\t\t\t<div class=\"elementor-element elementor-element-26a853c elementor-widget elementor-widget-text-editor\" data-id=\"26a853c\" data-element_type=\"widget\" data-widget_type=\"text-editor.default\">\n\t\t\t\t<div class=\"elementor-widget-container\">\n\t\t\t\t\t\t\t\t\t<p>Vipack B.V. verarbeitet Ihre personenbezogenen Daten, weil Sie unsere Dienstleistungen in Anspruch nehmen und\/oder weil Sie diese Dienstleistungen selbst f\u00fcr uns erbringen.<\/p>\n<p>Nachfolgend finden Sie eine \u00dcbersicht \u00fcber die personenbezogenen Daten, die wir verarbeiten:<\/p>\n<ul>\n<li>Vor- und Nachname<\/li>\n<li>Adresse Details<\/li>\n<li>Telefon-Nummer<\/li>\n<li>E-Mail Adresse<\/li>\n<li>Andere pers\u00f6nliche Daten, die Sie aktiv zur Verf\u00fcgung stellen, z. B. bei der Erstellung eines Profils auf dieser Website, in der Korrespondenz und per Telefon<\/li>\n<li>Informationen \u00fcber Ihre Aktivit\u00e4ten auf unserer Website<\/li>\n<\/ul>\n\t\t\t\t\t\t\t\t<\/div>\n\t\t\t\t<\/div>\n\t\t\t\t<div class=\"elementor-element elementor-element-5338cf2 elementor-widget elementor-widget-heading\" data-id=\"5338cf2\" data-element_type=\"widget\" data-widget_type=\"heading.default\">\n\t\t\t\t<div class=\"elementor-widget-container\">\n\t\t\t\t\t<h3 class=\"elementor-heading-title elementor-size-default\">Besondere und\/oder sensible personenbezogene Daten, die wir verarbeiten<\/h3>\t\t\t\t<\/div>\n\t\t\t\t<\/div>\n\t\t\t\t<div class=\"elementor-element elementor-element-7fc9281 elementor-widget elementor-widget-text-editor\" data-id=\"7fc9281\" data-element_type=\"widget\" data-widget_type=\"text-editor.default\">\n\t\t\t\t<div class=\"elementor-widget-container\">\n\t\t\t\t\t\t\t\t\t<p>Unsere Website und\/oder unser Service hat nicht die Absicht, Informationen \u00fcber Website-Besucher zu sammeln, die unter 16 Jahre alt sind. Es sei denn, sie haben die Erlaubnis der Eltern oder Erziehungsberechtigten. Wir k\u00f6nnen jedoch nicht \u00fcberpr\u00fcfen, ob ein Besucher \u00fcber 16 Jahre alt ist. Wir ermutigen die Eltern, sich an den Online-Aktivit\u00e4ten ihrer Kinder zu beteiligen, um sicherzustellen, dass keine Daten \u00fcber sie ohne elterliche Zustimmung gesammelt werden. Wenn Sie glauben, dass wir personenbezogene Daten \u00fcber einen Minderj\u00e4hrigen ohne diese Zustimmung gesammelt haben, kontaktieren Sie uns bitte unter info@vipack.nl und wir werden diese Daten l\u00f6schen.<\/p>\n\t\t\t\t\t\t\t\t<\/div>\n\t\t\t\t<\/div>\n\t\t\t\t<div class=\"elementor-element elementor-element-69baaef elementor-widget elementor-widget-heading\" data-id=\"69baaef\" data-element_type=\"widget\" data-widget_type=\"heading.default\">\n\t\t\t\t<div class=\"elementor-widget-container\">\n\t\t\t\t\t<h3 class=\"elementor-heading-title elementor-size-default\">Zu welchem Zweck und auf welcher Grundlage verarbeiten wir personenbezogene Daten?<\/h3>\t\t\t\t<\/div>\n\t\t\t\t<\/div>\n\t\t\t\t<div class=\"elementor-element elementor-element-dada610 elementor-widget elementor-widget-text-editor\" data-id=\"dada610\" data-element_type=\"widget\" data-widget_type=\"text-editor.default\">\n\t\t\t\t<div class=\"elementor-widget-container\">\n\t\t\t\t\t\t\t\t\t<p>Vipack B.V. verarbeitet Ihre personenbezogenen Daten f\u00fcr die folgenden Zwecke:<\/p>\n<ul>\n<li>Zusendung unseres Newsletters und\/oder unserer Werbebrosch\u00fcre<\/li>\n<li>Um Sie anrufen oder Ihnen eine E-Mail schicken zu k\u00f6nnen, wenn dies zur Durchf\u00fchrung unserer Dienstleistung erforderlich ist.<\/li>\n<li>Sie \u00fcber \u00c4nderungen an unseren Dienstleistungen und Produkten zu informieren<\/li>\n<li>Ihnen die M\u00f6glichkeit bieten, ein Konto zu erstellen<\/li>\n<li>Um Ihnen Waren und Dienstleistungen zu liefern<\/li>\n<li>Vipack B.V. verarbeitet auch personenbezogene Daten, wenn wir dazu gesetzlich verpflichtet sind, wie z.B. Daten, die wir f\u00fcr unsere Steuererkl\u00e4rung ben\u00f6tigen.<\/li>\n<\/ul>\n\t\t\t\t\t\t\t\t<\/div>\n\t\t\t\t<\/div>\n\t\t\t\t<div class=\"elementor-element elementor-element-049c496 elementor-widget elementor-widget-heading\" data-id=\"049c496\" data-element_type=\"widget\" data-widget_type=\"heading.default\">\n\t\t\t\t<div class=\"elementor-widget-container\">\n\t\t\t\t\t<h3 class=\"elementor-heading-title elementor-size-default\">Automatisierte Entscheidungsfindung<\/h3>\t\t\t\t<\/div>\n\t\t\t\t<\/div>\n\t\t\t\t<div class=\"elementor-element elementor-element-430f9f6 elementor-widget elementor-widget-text-editor\" data-id=\"430f9f6\" data-element_type=\"widget\" data-widget_type=\"text-editor.default\">\n\t\t\t\t<div class=\"elementor-widget-container\">\n\t\t\t\t\t\t\t\t\t<p>Vipack B.V. trifft keine Entscheidungen auf der Grundlage einer automatisierten Verarbeitung \u00fcber Angelegenheiten, die (erhebliche) Folgen f\u00fcr Personen haben k\u00f6nnten. Dabei handelt es sich um Entscheidungen, die von Computerprogrammen oder -systemen getroffen werden, ohne dass eine Person beteiligt ist (z. B. ein Mitarbeiter von Vipack B.V.). Vipack B.V. verwendet die folgenden Computerprogramme oder -systeme:<\/p>\n\t\t\t\t\t\t\t\t<\/div>\n\t\t\t\t<\/div>\n\t\t\t\t<div class=\"elementor-element elementor-element-71525a2 elementor-widget elementor-widget-heading\" data-id=\"71525a2\" data-element_type=\"widget\" data-widget_type=\"heading.default\">\n\t\t\t\t<div class=\"elementor-widget-container\">\n\t\t\t\t\t<h3 class=\"elementor-heading-title elementor-size-default\">Wie lange wir pers\u00f6nliche Daten aufbewahren<\/h3>\t\t\t\t<\/div>\n\t\t\t\t<\/div>\n\t\t\t\t<div class=\"elementor-element elementor-element-d9cfca0 elementor-widget elementor-widget-text-editor\" data-id=\"d9cfca0\" data-element_type=\"widget\" data-widget_type=\"text-editor.default\">\n\t\t\t\t<div class=\"elementor-widget-container\">\n\t\t\t\t\t\t\t\t\t<p>Vipack B.V. bewahrt Ihre personenbezogenen Daten nicht l\u00e4nger auf, als es f\u00fcr die Zwecke, f\u00fcr die Ihre Daten erhoben wurden, unbedingt erforderlich ist. Wir wenden die folgenden Aufbewahrungsfristen f\u00fcr die folgenden (Kategorien) von personenbezogenen Daten an:<\/p>\n<p><strong>Weitergabe personenbezogener Daten an DritteDie<br \/><\/strong> lbVipack B.V. gibt personenbezogene Daten nur dann an Dritte weiter, wenn dies f\u00fcr die Durchf\u00fchrung unseres Vertrages mit Ihnen oder zur Erf\u00fcllung einer gesetzlichen Verpflichtung erforderlich ist.<\/p>\n<p><strong>Cookies oder \u00e4hnliche Technologien, die wir verwenden,<br \/><\/strong>Vipack B.V. verwendet nur technische und funktionale Cookies. Und analytische Cookies, die Ihre Privatsph\u00e4re nicht verletzen. Ein Cookie ist eine kleine Textdatei, die auf Ihrem Computer, Tablet oder Smartphone gespeichert wird, wenn Sie diese Website zum ersten Mal besuchen. Die von uns verwendeten Cookies sind f\u00fcr den technischen Betrieb der Website und Ihren Nutzungskomfort notwendig. Sie sorgen daf\u00fcr, dass die Website ordnungsgem\u00e4\u00df funktioniert und merken sich z. B. Ihre Pr\u00e4ferenzen. Au\u00dferdem erm\u00f6glicht es uns, unsere Website zu optimieren. Sie k\u00f6nnen Cookies ablehnen, indem Sie Ihren Internet-Browser so konfigurieren, dass er keine Cookies mehr speichert. Dar\u00fcber hinaus k\u00f6nnen Sie auch alle zuvor gespeicherten Informationen \u00fcber Ihre Browsereinstellungen l\u00f6schen.<\/p>\n\t\t\t\t\t\t\t\t<\/div>\n\t\t\t\t<\/div>\n\t\t\t\t<div class=\"elementor-element elementor-element-0cd0ec9 elementor-widget elementor-widget-heading\" data-id=\"0cd0ec9\" data-element_type=\"widget\" data-widget_type=\"heading.default\">\n\t\t\t\t<div class=\"elementor-widget-container\">\n\t\t\t\t\t<h3 class=\"elementor-heading-title elementor-size-default\">Anzeigen, \u00c4ndern oder L\u00f6schen von Daten<\/h3>\t\t\t\t<\/div>\n\t\t\t\t<\/div>\n\t\t\t\t<div class=\"elementor-element elementor-element-4b1593a elementor-widget elementor-widget-text-editor\" data-id=\"4b1593a\" data-element_type=\"widget\" data-widget_type=\"text-editor.default\">\n\t\t\t\t<div class=\"elementor-widget-container\">\n\t\t\t\t\t\t\t\t\t<p>Sie haben das Recht, Ihre personenbezogenen Daten einzusehen, zu korrigieren oder zu l\u00f6schen. Sie k\u00f6nnen dies selbst \u00fcber die pers\u00f6nlichen Einstellungen Ihres Kontos tun. Dar\u00fcber hinaus haben Sie das Recht, eine erteilte Einwilligung zur Datenverarbeitung zu widerrufen oder der Verarbeitung Ihrer personenbezogenen Daten durch unser Unternehmen zu widersprechen und Sie haben das Recht auf Datenportabilit\u00e4t. Das bedeutet, dass Sie uns auffordern k\u00f6nnen, die pers\u00f6nlichen Daten, die wir \u00fcber Sie in einer Computerdatei haben, an Sie oder eine andere von Ihnen benannte Organisation zu senden.<\/p>\n<p>Wenn Sie Ihr Widerspruchsrecht und\/oder Ihr Recht auf Daten\u00fcbertragbarkeit aus\u00fcben m\u00f6chten oder wenn Sie sonstige Fragen\/Anmerkungen zur Datenverarbeitung haben, senden Sie bitte eine spezifizierte Anfrage an info@vipack.nl.<\/p>\n<p>Um sicherzustellen, dass der Antrag auf Einsichtnahme von Ihnen gestellt wird, bitten wir Sie, eine Kopie Ihres Ausweises mit dem Antrag zu senden. Achten Sie darauf, dass in dieser Kopie Ihr Passfoto, die MRZ (maschinenlesbare Zone), die Passnummer und die B\u00fcrgerservicenummer (BSN) schwarz sind. Dies dient dem Schutz Ihrer Privatsph\u00e4re. Vipack B.V. wird Ihre Anfrage so schnell wie m\u00f6glich, in jedem Fall aber innerhalb von vier Wochen beantworten.<\/p>\n<p>Vipack B.V. m\u00f6chte Sie au\u00dferdem darauf hinweisen, dass Sie die M\u00f6glichkeit haben, eine Beschwerde bei der nationalen Aufsichtsbeh\u00f6rde, der niederl\u00e4ndischen Datenschutzbeh\u00f6rde, einzureichen. Sie k\u00f6nnen dies \u00fcber den folgenden Link tun: https:\/\/autoriteitpersoonsgegevens.nl\/nl\/contact-met-de-autoriteit-persoonsgegevens\/tip-ons<\/p>\n\t\t\t\t\t\t\t\t<\/div>\n\t\t\t\t<\/div>\n\t\t\t\t<div class=\"elementor-element elementor-element-e33d9e2 elementor-widget elementor-widget-heading\" data-id=\"e33d9e2\" data-element_type=\"widget\" data-widget_type=\"heading.default\">\n\t\t\t\t<div class=\"elementor-widget-container\">\n\t\t\t\t\t<h3 class=\"elementor-heading-title elementor-size-default\">Wie wir pers\u00f6nliche Daten sichern<\/h3>\t\t\t\t<\/div>\n\t\t\t\t<\/div>\n\t\t\t\t<div class=\"elementor-element elementor-element-330a65e elementor-widget elementor-widget-text-editor\" data-id=\"330a65e\" data-element_type=\"widget\" data-widget_type=\"text-editor.default\">\n\t\t\t\t<div class=\"elementor-widget-container\">\n\t\t\t\t\t\t\t\t\t<p>Vipack B.V. nimmt den Schutz Ihrer Daten ernst und ergreift geeignete Ma\u00dfnahmen, um Missbrauch, Verlust, unbefugten Zugriff, unerw\u00fcnschte Ver\u00f6ffentlichung und unbefugte \u00c4nderungen zu verhindern. Wenn Sie den Eindruck haben, dass Ihre Daten nicht ordnungsgem\u00e4\u00df gesichert sind oder es Hinweise auf einen Missbrauch gibt, wenden Sie sich bitte an unseren Kundenservice oder \u00fcber info@vipack.nl.<\/p>\n\t\t\t\t\t\t\t\t<\/div>\n\t\t\t\t<\/div>\n\t\t\t\t<div class=\"elementor-element elementor-element-d2ed5ed elementor-align-justify elementor-widget elementor-widget-button\" data-id=\"d2ed5ed\" data-element_type=\"widget\" data-widget_type=\"button.default\">\n\t\t\t\t<div class=\"elementor-widget-container\">\n\t\t\t\t\t\t\t\t\t<div class=\"elementor-button-wrapper\">\n\t\t\t\t\t<a class=\"elementor-button elementor-button-link elementor-size-sm elementor-animation-grow\" href=\"https:\/\/vipack.nl\/wp-content\/uploads\/2020\/11\/Pivacy-Statement-Vipack-BV.pdf\" target=\"_blank\">\n\t\t\t\t\t\t<span class=\"elementor-button-content-wrapper\">\n\t\t\t\t\t\t\t\t\t<span class=\"elementor-button-text\">Diese Datenschutzerkl\u00e4rung herunterladen<\/span>\n\t\t\t\t\t<\/span>\n\t\t\t\t\t<\/a>\n\t\t\t\t<\/div>\n\t\t\t\t\t\t\t\t<\/div>\n\t\t\t\t<\/div>\n\t\t\t\t\t<\/div>\n\t\t<\/div>\n\t\t\t\t\t<\/div>\n\t\t<\/section>\n\t\t\t\t\t<\/div>\n\t\t<\/div>\n\t\t\t\t\t<\/div>\n\t\t<\/section>\n\t\t\t\t<\/div>\n\t\t","protected":false},"excerpt":{"rendered":"<p>Datenschutzerkl\u00e4rung Diese Datenschutzerkl\u00e4rung bezieht sich auf unsere Website https:\/\/www.vipack.nl und damit verbundene Dienste.Vipack B.V., mit Sitz in der Minckelersstraat 7, 6372 PP Landgraaf, ist verantwortlich f\u00fcr die Verarbeitung personenbezogener Daten wie in dieser Datenschutzerkl\u00e4rung beschrieben. Diese Datenschutzerkl\u00e4rung wurde zuletzt aktualisiert am: 25. November 2020. Kontaktangaben https:\/\/www.vipack.nl\/contactMinckelersstraat 7, 6372 PP Landgraaf+31457501220 Der Datenschutzbeauftragte von Vipack B.V. [&hellip;]<\/p>\n","protected":false},"author":1,"featured_media":0,"parent":0,"menu_order":0,"comment_status":"closed","ping_status":"closed","template":"","meta":{"_monsterinsights_skip_tracking":false,"_monsterinsights_sitenote_active":false,"_monsterinsights_sitenote_note":"","_monsterinsights_sitenote_category":0,"footnotes":""},"class_list":["post-4140","page","type-page","status-publish","hentry"],"_links":{"self":[{"href":"https:\/\/vipack.nl\/de\/wp-json\/wp\/v2\/pages\/4140","targetHints":{"allow":["GET"]}}],"collection":[{"href":"https:\/\/vipack.nl\/de\/wp-json\/wp\/v2\/pages"}],"about":[{"href":"https:\/\/vipack.nl\/de\/wp-json\/wp\/v2\/types\/page"}],"author":[{"embeddable":true,"href":"https:\/\/vipack.nl\/de\/wp-json\/wp\/v2\/users\/1"}],"replies":[{"embeddable":true,"href":"https:\/\/vipack.nl\/de\/wp-json\/wp\/v2\/comments?post=4140"}],"version-history":[{"count":5,"href":"https:\/\/vipack.nl\/de\/wp-json\/wp\/v2\/pages\/4140\/revisions"}],"predecessor-version":[{"id":4412,"href":"https:\/\/vipack.nl\/de\/wp-json\/wp\/v2\/pages\/4140\/revisions\/4412"}],"wp:attachment":[{"href":"https:\/\/vipack.nl\/de\/wp-json\/wp\/v2\/media?parent=4140"}],"curies":[{"name":"wp","href":"https:\/\/api.w.org\/{rel}","templated":true}]}}