{"id":4256,"date":"2021-07-08T11:19:45","date_gmt":"2021-07-08T11:19:45","guid":{"rendered":"https:\/\/vipack.nl\/offres-demploi\/"},"modified":"2025-10-29T08:39:21","modified_gmt":"2025-10-29T08:39:21","slug":"offres-demploi","status":"publish","type":"page","link":"https:\/\/vipack.nl\/fr\/offres-demploi\/","title":{"rendered":"Offres d&#8217;emploi"},"content":{"rendered":"\t\t<div data-elementor-type=\"wp-page\" data-elementor-id=\"4256\" class=\"elementor elementor-4256 elementor-147\" data-elementor-post-type=\"page\">\n\t\t\t\t\t\t<section class=\"elementor-section elementor-top-section elementor-element elementor-element-469e729 elementor-section-height-min-height elementor-section-boxed elementor-section-height-default elementor-section-items-middle\" data-id=\"469e729\" data-element_type=\"section\" data-settings=\"{&quot;background_background&quot;:&quot;gradient&quot;}\">\n\t\t\t\t\t\t<div class=\"elementor-container elementor-column-gap-no\">\n\t\t\t\t\t<div class=\"elementor-column elementor-col-100 elementor-top-column elementor-element elementor-element-afe1615\" data-id=\"afe1615\" data-element_type=\"column\">\n\t\t\t<div class=\"elementor-widget-wrap elementor-element-populated\">\n\t\t\t\t\t\t<div class=\"elementor-element elementor-element-a798442 animated-fast elementor-invisible elementor-widget elementor-widget-heading\" data-id=\"a798442\" data-element_type=\"widget\" data-settings=\"{&quot;_animation&quot;:&quot;fadeInUp&quot;,&quot;_animation_delay&quot;:200}\" data-widget_type=\"heading.default\">\n\t\t\t\t<div class=\"elementor-widget-container\">\n\t\t\t\t\t<h1 class=\"elementor-heading-title elementor-size-default\">Rejoignez notre \u00e9quipe !<\/h1>\t\t\t\t<\/div>\n\t\t\t\t<\/div>\n\t\t\t\t<div class=\"elementor-element elementor-element-5e9e153 elementor-invisible elementor-widget elementor-widget-text-editor\" data-id=\"5e9e153\" data-element_type=\"widget\" data-settings=\"{&quot;_animation&quot;:&quot;fadeIn&quot;,&quot;_animation_delay&quot;:500}\" data-widget_type=\"text-editor.default\">\n\t\t\t\t<div class=\"elementor-widget-container\">\n\t\t\t\t\t\t\t\t\t<p>Chez Vipack, nous sommes constamment \u00e0 la recherche de talents (cach\u00e9s).<\/p>\n\t\t\t\t\t\t\t\t<\/div>\n\t\t\t\t<\/div>\n\t\t\t\t<div class=\"elementor-element elementor-element-108d230 elementor-absolute elementor-widget__width-auto elementor-widget-tablet__width-auto elementor-widget-mobile__width-initial elementor-widget elementor-widget-image\" data-id=\"108d230\" data-element_type=\"widget\" data-settings=\"{&quot;_position&quot;:&quot;absolute&quot;}\" data-widget_type=\"image.default\">\n\t\t\t\t<div class=\"elementor-widget-container\">\n\t\t\t\t\t\t\t\t\t\t\t\t\t\t\t<img decoding=\"async\" width=\"130\" height=\"130\" src=\"https:\/\/vipack.nl\/wp-content\/uploads\/2020\/08\/Grote-bol-header.png\" class=\"attachment-large size-large wp-image-3155\" alt=\"\" \/>\t\t\t\t\t\t\t\t\t\t\t\t\t\t\t<\/div>\n\t\t\t\t<\/div>\n\t\t\t\t<div class=\"elementor-element elementor-element-711701e elementor-absolute elementor-widget__width-auto elementor-widget-tablet__width-auto elementor-widget elementor-widget-image\" data-id=\"711701e\" data-element_type=\"widget\" data-settings=\"{&quot;_position&quot;:&quot;absolute&quot;}\" data-widget_type=\"image.default\">\n\t\t\t\t<div class=\"elementor-widget-container\">\n\t\t\t\t\t\t\t\t\t\t\t\t\t\t\t<img decoding=\"async\" width=\"67\" height=\"67\" src=\"https:\/\/vipack.nl\/wp-content\/uploads\/2020\/08\/Middelste-bol-header.png\" class=\"attachment-large size-large wp-image-3161\" alt=\"\" \/>\t\t\t\t\t\t\t\t\t\t\t\t\t\t\t<\/div>\n\t\t\t\t<\/div>\n\t\t\t\t<div class=\"elementor-element elementor-element-57c3d2b elementor-absolute elementor-widget__width-auto elementor-widget-mobile__width-auto elementor-widget-tablet__width-auto elementor-widget elementor-widget-image\" data-id=\"57c3d2b\" data-element_type=\"widget\" data-settings=\"{&quot;_position&quot;:&quot;absolute&quot;}\" data-widget_type=\"image.default\">\n\t\t\t\t<div class=\"elementor-widget-container\">\n\t\t\t\t\t\t\t\t\t\t\t\t\t\t\t<img decoding=\"async\" width=\"25\" height=\"25\" src=\"https:\/\/vipack.nl\/wp-content\/uploads\/2020\/08\/Kleinste-bol-header.png\" class=\"attachment-large size-large wp-image-3158\" alt=\"\" \/>\t\t\t\t\t\t\t\t\t\t\t\t\t\t\t<\/div>\n\t\t\t\t<\/div>\n\t\t\t\t\t<\/div>\n\t\t<\/div>\n\t\t\t\t\t<\/div>\n\t\t<\/section>\n\t\t\t\t<section class=\"elementor-section elementor-top-section elementor-element elementor-element-b500734 elementor-section-boxed elementor-section-height-default elementor-section-height-default\" data-id=\"b500734\" data-element_type=\"section\">\n\t\t\t\t\t\t<div class=\"elementor-container elementor-column-gap-no\">\n\t\t\t\t\t<div class=\"elementor-column elementor-col-50 elementor-top-column elementor-element elementor-element-0130b94\" data-id=\"0130b94\" data-element_type=\"column\">\n\t\t\t<div class=\"elementor-widget-wrap elementor-element-populated\">\n\t\t\t\t\t\t<div class=\"elementor-element elementor-element-33f8049 elementor-widget elementor-widget-text-editor\" data-id=\"33f8049\" data-element_type=\"widget\" data-widget_type=\"text-editor.default\">\n\t\t\t\t<div class=\"elementor-widget-container\">\n\t\t\t\t\t\t\t\t\t<p>D\u00e9couvrez les offres d&#8217;emploi<\/p>\n\t\t\t\t\t\t\t\t<\/div>\n\t\t\t\t<\/div>\n\t\t\t\t<div class=\"elementor-element elementor-element-999f5c4 elementor-widget elementor-widget-heading\" data-id=\"999f5c4\" data-element_type=\"widget\" data-widget_type=\"heading.default\">\n\t\t\t\t<div class=\"elementor-widget-container\">\n\t\t\t\t\t<h2 class=\"elementor-heading-title elementor-size-default\">chez Vipack<\/h2>\t\t\t\t<\/div>\n\t\t\t\t<\/div>\n\t\t\t\t<div class=\"elementor-element elementor-element-9e4451b elementor-absolute elementor-widget__width-auto elementor-widget-mobile__width-auto elementor-widget-tablet__width-auto elementor-widget elementor-widget-image\" data-id=\"9e4451b\" data-element_type=\"widget\" data-settings=\"{&quot;_position&quot;:&quot;absolute&quot;}\" data-widget_type=\"image.default\">\n\t\t\t\t<div class=\"elementor-widget-container\">\n\t\t\t\t\t\t\t\t\t\t\t\t\t\t\t<img loading=\"lazy\" decoding=\"async\" width=\"136\" height=\"134\" src=\"https:\/\/vipack.nl\/wp-content\/uploads\/2020\/08\/Blob-vacatures.png\" class=\"attachment-large size-large wp-image-3164\" alt=\"\" \/>\t\t\t\t\t\t\t\t\t\t\t\t\t\t\t<\/div>\n\t\t\t\t<\/div>\n\t\t\t\t\t<\/div>\n\t\t<\/div>\n\t\t\t\t<div class=\"elementor-column elementor-col-50 elementor-top-column elementor-element elementor-element-2250504\" data-id=\"2250504\" data-element_type=\"column\">\n\t\t\t<div class=\"elementor-widget-wrap elementor-element-populated\">\n\t\t\t\t\t\t<div class=\"elementor-element elementor-element-0bbb1f8 elementor-widget elementor-widget-text-editor\" data-id=\"0bbb1f8\" data-element_type=\"widget\" data-widget_type=\"text-editor.default\">\n\t\t\t\t<div class=\"elementor-widget-container\">\n\t\t\t\t\t\t\t\t\t<p>En rejoignant Vipack, vous contribuerez au d\u00e9veloppement, \u00e0 la production et \u00e0 la livraison de produits de qualit\u00e9 au service de distributeurs de premier plan, \u00e0 l&rsquo;\u00e9chelle nationale et internationale. Et la prochaine fois que vous vous rendrez dans un de leurs points de vente, vous aurez la fiert\u00e9 de voir le produit fini en rayons. Un produit auquel vous aurez contribu\u00e9. Plut\u00f4t cool, non ? <\/p>\n<p>Si l&#8217;emploi de vos r\u00eaves ne figure pas dans nos offres, mais vous pensez avoir ce qu&rsquo;il faut pour enrichir l&rsquo;\u00e9quipe, envoyez votre candidature \u00e0 <a href=\"mailto:pz@vipack.nl\">pz@vipack.nl<\/a> et qui sait, nous nous rencontrerons peut-\u00eatre prochainement !<\/p>\n\t\t\t\t\t\t\t\t<\/div>\n\t\t\t\t<\/div>\n\t\t\t\t\t<\/div>\n\t\t<\/div>\n\t\t\t\t\t<\/div>\n\t\t<\/section>\n\t\t\t\t<section class=\"elementor-section elementor-top-section elementor-element elementor-element-8836392 elementor-section-boxed elementor-section-height-default elementor-section-height-default\" data-id=\"8836392\" data-element_type=\"section\">\n\t\t\t\t\t\t<div class=\"elementor-container elementor-column-gap-no\">\n\t\t\t\t\t<div class=\"elementor-column elementor-col-100 elementor-top-column elementor-element elementor-element-f45c53e\" data-id=\"f45c53e\" data-element_type=\"column\">\n\t\t\t<div class=\"elementor-widget-wrap elementor-element-populated\">\n\t\t\t\t\t\t<div class=\"elementor-element elementor-element-3617929 elementor-hidden-desktop elementor-hidden-tablet elementor-hidden-mobile elementor-widget elementor-widget-toggle\" data-id=\"3617929\" data-element_type=\"widget\" data-widget_type=\"toggle.default\">\n\t\t\t\t<div class=\"elementor-widget-container\">\n\t\t\t\t\t\t\t<div class=\"elementor-toggle\">\n\t\t\t\t\t\t\t<div class=\"elementor-toggle-item\">\n\t\t\t\t\t<div id=\"elementor-tab-title-5671\" class=\"elementor-tab-title\" data-tab=\"1\" role=\"button\" aria-controls=\"elementor-tab-content-5671\" aria-expanded=\"false\">\n\t\t\t\t\t\t\t\t\t\t\t\t<span class=\"elementor-toggle-icon elementor-toggle-icon-left\" aria-hidden=\"true\">\n\t\t\t\t\t\t\t\t\t\t\t\t\t\t\t<span class=\"elementor-toggle-icon-closed\"><i class=\"fas fa-caret-right\"><\/i><\/span>\n\t\t\t\t\t\t\t\t<span class=\"elementor-toggle-icon-opened\"><i class=\"elementor-toggle-icon-opened fas fa-caret-up\"><\/i><\/span>\n\t\t\t\t\t\t\t\t\t\t\t\t\t<\/span>\n\t\t\t\t\t\t\t\t\t\t\t\t<a class=\"elementor-toggle-title\" tabindex=\"0\">Production de l'op\u00e9rateur<\/a>\n\t\t\t\t\t<\/div>\n\n\t\t\t\t\t<div id=\"elementor-tab-content-5671\" class=\"elementor-tab-content elementor-clearfix\" data-tab=\"1\" role=\"region\" aria-labelledby=\"elementor-tab-title-5671\"><p><strong>Vipack B.V. est un acteur international prosp\u00e8re qui d\u00e9veloppe, produit et vend des d\u00e9tergents liquides et des cosm\u00e9tiques \u00e0 rincer sur le march\u00e9 europ\u00e9en de la vente au d\u00e9tail. En collaboration avec ses clients, Vipack con\u00e7oit des emballages pour des produits et d\u00e9veloppe des id\u00e9es cr\u00e9atives en concepts pr\u00eats \u00e0 \u00eatre commercialis\u00e9s, avec lesquels les clients peuvent renforcer leurs propres marques. Pour ce faire, Vipack dispose d&rsquo;une \u00e9quipe engag\u00e9e d&rsquo;environ 90 employ\u00e9s \u00e0 Zuid-Limburg.<\/strong><\/p><p>Avec la reprise par le propri\u00e9taire actuel (fin 2018), l&rsquo;organisation re\u00e7oit un nouveau souffle et des plans surgissent pour une nouvelle expansion \u00e0 l&rsquo;\u00e9tranger, de nouvelles lignes de production innovantes et une professionnalisation accrue de l&rsquo;organisation. Pour contribuer \u00e0 la r\u00e9alisation de ces ambitieux plans de croissance et \u00e0 l&rsquo;expansion de Vipack, nous recherchons un(e)<\/p><p style=\"text-align: center;\"><strong>Production de l&rsquo;op\u00e9rateur (pour une moyenne de 40h\/semaine)<\/strong><\/p><p><strong>La position dans l&rsquo;organisation :<br \/><\/strong>Pour atteindre notre objectif de croissance, Vipack B.V. recherche un op\u00e9rateur qui est responsable de la (pr\u00e9paration de la) production de d\u00e9tergents liquides sur les lignes de production. Vous travaillerez au sein d&rsquo;une petite \u00e9quipe dans un syst\u00e8me \u00e0 deux \u00e9quipes.<\/p><p><strong>A quoi ressemble votre journ\u00e9e ?<\/strong><br \/>Apr\u00e8s une p\u00e9riode de familiarisation approfondie, vous serez charg\u00e9 des t\u00e2ches suivantes :<\/p><ul><li><p>R\u00e9ceptionner et peser physiquement les mati\u00e8res premi\u00e8res et les pr\u00e9parer selon le planning.<\/p><\/li><li><p>Il est tr\u00e8s important de pr\u00e9parer les d\u00e9tergents liquides et les produits de nettoyage selon la recette en suivant les proc\u00e9dures et les instructions.<\/p><\/li><li><p>Effectuer des contr\u00f4les (PH ; viscosit\u00e9 ; r\u00e9fractom\u00e8tre \u00e0 main) pendant et apr\u00e8s la pr\u00e9paration et les comparer aux sp\u00e9cifications.<\/p><\/li><li><p>Traiter les ingr\u00e9dients conform\u00e9ment aux normes et accords de qualit\u00e9.<\/p><\/li><li><p>Assurer l&rsquo;enregistrement et le nettoyage ad\u00e9quat des cuves et \u00e9quipements de pr\u00e9paration et de stockage.<\/p><\/li><\/ul><p><strong><br \/>Quels sont nos besoins et qu&rsquo;attendons-nous de vous ?<\/strong><\/p><ul><li><p>Dans cette position, vous avez un r\u00f4le ind\u00e9pendant. Il est important que vous travailliez avec discipline et que vous soyez pr\u00e9cis. Ce poste implique des efforts physiques.<\/p><\/li><li><p>Vous \u00eates pr\u00eat \u00e0 travailler dans un syst\u00e8me \u00e0 deux \u00e9quipes.<\/p><\/li><li><p>Vous \u00eates titulaire d&rsquo;un dipl\u00f4me \u00ab\u00a0VAPRO A\u00a0\u00bb (ou d&rsquo;une formation technique connexe) et d&rsquo;un niveau de travail et de r\u00e9flexion MBO. Plusieurs ann\u00e9es d&rsquo;exp\u00e9rience professionnelle dans un environnement de production sont souhaitables.<\/p><\/li><li><p>Vous \u00eates r\u00e9sistant au stress et avez une capacit\u00e9 d&rsquo;adaptation suffisante.<\/p><\/li><li><p>Une attitude proactive en mati\u00e8re d&rsquo;am\u00e9lioration est appr\u00e9ci\u00e9e.<\/p><\/li><li><p>Vous avez de bonnes capacit\u00e9s de communication (parler et lire NL).<\/p><\/li><li><p>Vous avez une mentalit\u00e9 pratique.<\/p><\/li><li><p>Volont\u00e9 de suivre des cours de formation li\u00e9s au travail.<\/p><\/li><li><p>Vous \u00eates en possession d&rsquo;un certificat valide de chariot \u00e9l\u00e9vateur \u00e0 fourche ou \u00eates pr\u00eat \u00e0 l&rsquo;obtenir.<\/p><\/li><li><p>Vous avez une bonne capacit\u00e9 de discrimination des couleurs et des odeurs.<\/p><\/li><\/ul><p><strong>Votre int\u00e9r\u00eat a-t-il \u00e9t\u00e9 \u00e9veill\u00e9 ?<br \/><\/strong>Si vous r\u00e9pondez au profil requis, r\u00e9pondez rapidement \u00e0 cette offre d&#8217;emploi pour un poste ind\u00e9pendant d&rsquo;op\u00e9rateur ONMAAK. Nous nous r\u00e9jouissons de recevoir votre lettre de candidature et votre CV. Il s&rsquo;agit d&rsquo;une fonction structurelle.<\/p><p><strong>Vipack BV<br \/><\/strong>A l&rsquo;attention de Danielle Penders, d\u00e9partement P&amp;O<br \/>Adresse postale : <a href=\"mailto:pz@vipack.nl\">pz@vipack.nl<\/a><\/p><p><strong>L&rsquo;acquisition en r\u00e9ponse \u00e0 cette offre d&#8217;emploi n&rsquo;est pas appr\u00e9ci\u00e9e !<\/strong><\/p><p><em>Traduit avec www.DeepL.com\/Translator<\/em><\/p><\/div>\n\t\t\t\t<\/div>\n\t\t\t\t\t\t\t<div class=\"elementor-toggle-item\">\n\t\t\t\t\t<div id=\"elementor-tab-title-5672\" class=\"elementor-tab-title\" data-tab=\"2\" role=\"button\" aria-controls=\"elementor-tab-content-5672\" aria-expanded=\"false\">\n\t\t\t\t\t\t\t\t\t\t\t\t<span class=\"elementor-toggle-icon elementor-toggle-icon-left\" aria-hidden=\"true\">\n\t\t\t\t\t\t\t\t\t\t\t\t\t\t\t<span class=\"elementor-toggle-icon-closed\"><i class=\"fas fa-caret-right\"><\/i><\/span>\n\t\t\t\t\t\t\t\t<span class=\"elementor-toggle-icon-opened\"><i class=\"elementor-toggle-icon-opened fas fa-caret-up\"><\/i><\/span>\n\t\t\t\t\t\t\t\t\t\t\t\t\t<\/span>\n\t\t\t\t\t\t\t\t\t\t\t\t<a class=\"elementor-toggle-title\" tabindex=\"0\">Assistant commercial (M\/F)<\/a>\n\t\t\t\t\t<\/div>\n\n\t\t\t\t\t<div id=\"elementor-tab-content-5672\" class=\"elementor-tab-content elementor-clearfix\" data-tab=\"2\" role=\"region\" aria-labelledby=\"elementor-tab-title-5672\"><p><strong>Vipack B.V. est un acteur international prosp\u00e8re qui d\u00e9veloppe, produit et vend des d\u00e9tergents liquides et des cosm\u00e9tiques \u00e0 rincer sur le march\u00e9 europ\u00e9en de la vente au d\u00e9tail. En collaboration avec ses clients, Vipack con\u00e7oit des emballages pour des produits et d\u00e9veloppe des id\u00e9es cr\u00e9atives en concepts pr\u00eats \u00e0 \u00eatre commercialis\u00e9s, avec lesquels les clients peuvent renforcer leurs propres marques. Pour ce faire, Vipack dispose d&rsquo;une \u00e9quipe engag\u00e9e d&rsquo;environ 90 employ\u00e9s \u00e0 Zuid-Limburg.<\/strong><\/p><p>Avec la reprise par le propri\u00e9taire actuel (fin 2018), l&rsquo;organisation est revitalis\u00e9e et des plans pour une nouvelle expansion \u00e0 l&rsquo;\u00e9tranger, de nouvelles lignes de production innovantes et une professionnalisation accrue de l&rsquo;organisation se dessinent. Pour contribuer \u00e0 la r\u00e9alisation de ces ambitieux plans de croissance et \u00e0 l&rsquo;expansion de Vipack, nous recherchons un(e)<\/p><p style=\"text-align: center;\"><strong>Assistant commercial (M\/F) <\/strong><strong>avec des capacit\u00e9s de gestion<\/strong><br \/><strong>(40 heures\/semaine)<\/strong><\/p><p>Dans le cadre de votre poste, vous g\u00e9rerez le d\u00e9partement du service client\u00e8le et apporterez votre soutien aux d\u00e9partements des ventes et de la gestion des produits. Un travail tr\u00e8s vari\u00e9 qui vous donnera rapidement une bonne id\u00e9e de la fa\u00e7on dont les diff\u00e9rents d\u00e9partements de Vipack contribuent \u00e0 une formule r\u00e9ussie.<\/p><p><strong>Au cours de votre travail, vous serez notamment expos\u00e9 aux facettes suivantes :<\/strong><\/p><ul><li>Avoir des contacts avec des clients n\u00e9erlandais et internationaux.<\/li><li>Rendre compte au directeur commercial et le soutenir.<\/li><li>Traiter correctement les commandes entrantes (\u00e9galement).<\/li><li>Planifier les exp\u00e9ditions des clients et communiquer avec les transporteurs.<\/li><li>Traiter les retours, les plaintes et les probl\u00e8mes logistiques connexes.<\/li><li>Contribuer au d\u00e9veloppement de nouvelles id\u00e9es de produits\/emballages.<\/li><li>Assurer le traitement correct des donn\u00e9es relatives aux produits dans les syst\u00e8mes internes.<\/li><\/ul><p><strong>Ce que nous vous demandons :<\/strong><\/p><ul><li>Un niveau de travail et de r\u00e9flexion HBO, vous avez un dipl\u00f4me d&rsquo;une \u00e9tude achev\u00e9e (commerciale) pertinente.<\/li><li>Bonne ma\u00eetrise du n\u00e9erlandais et de l&rsquo;anglais, l&rsquo;allemand \u00e9tant un avantage.<\/li><li>Bonne connaissance de base de Microsoft Office Excel.<\/li><li>La connaissance d&rsquo;Exact est un avantage. Toutefois, si vous ne le connaissez pas, pas de probl\u00e8me, vous serez bien guid\u00e9.<\/li><li>Une attitude de travail enthousiaste et motivante.<\/li><li>\u00catre capable de faire la diff\u00e9rence entre une lessive et un adoucissant, nos deux produits phares \ud83d\ude03.<\/li><\/ul><p><strong>Ce \u00e0 quoi il faut s&rsquo;attendre :<\/strong><\/p><ul><li>Travail tr\u00e8s vari\u00e9 au sein d&rsquo;une petite \u00e9quipe soud\u00e9e.<\/li><li>Un travail avec de nombreuses responsabilit\u00e9s.<\/li><li>La possibilit\u00e9 de vous d\u00e9velopper en temps voulu au sein d&rsquo;un d\u00e9partement sp\u00e9cifique.<\/li><li>Un bon salaire de d\u00e9part.<\/li><li>Enfin, et surtout, testez les produits de lavage et de nettoyage sur vos propres v\u00eatements, votre vaisselle, etc.<\/li><\/ul><p><strong>Enthousiaste ?<\/strong><br \/>Puis appliquez imm\u00e9diatement.<br \/>Nous nous r\u00e9jouissons de recevoir votre lettre de candidature accompagn\u00e9e d&rsquo;un CV d\u00e9taill\u00e9. Vous pouvez l&rsquo;envoyer par courrier \u00e0 :<\/p><p><strong>Vipack BV<\/strong><br \/>A l&rsquo;attention de Danielle Penders, d\u00e9partement P&amp;O<br \/>Adresse postale : <a href=\"mailto:pz@vipack.nl\">pz@vipack.nl<\/a><\/p><p>Veuillez mentionner \u00ab\u00a0Assistant commercial\u00a0\u00bb comme objet.<\/p><p><strong>L&rsquo;acquisition en r\u00e9ponse \u00e0 cette offre d&#8217;emploi n&rsquo;est pas appr\u00e9ci\u00e9e !<\/strong><\/p><p><em>Traduit avec www.DeepL.com\/Translator<\/em><\/p><\/div>\n\t\t\t\t<\/div>\n\t\t\t\t\t\t\t\t<\/div>\n\t\t\t\t\t\t<\/div>\n\t\t\t\t<\/div>\n\t\t\t\t\t<\/div>\n\t\t<\/div>\n\t\t\t\t\t<\/div>\n\t\t<\/section>\n\t\t\t\t<\/div>\n\t\t","protected":false},"excerpt":{"rendered":"<p>Rejoignez notre \u00e9quipe ! Chez Vipack, nous sommes constamment \u00e0 la recherche de talents (cach\u00e9s). D\u00e9couvrez les offres d&#8217;emploi chez Vipack En rejoignant Vipack, vous contribuerez au d\u00e9veloppement, \u00e0 la production et \u00e0 la livraison de produits de qualit\u00e9 au service de distributeurs de premier plan, \u00e0 l&rsquo;\u00e9chelle nationale et internationale. Et la prochaine fois [&hellip;]<\/p>\n","protected":false},"author":1,"featured_media":0,"parent":0,"menu_order":0,"comment_status":"closed","ping_status":"closed","template":"","meta":{"_monsterinsights_skip_tracking":false,"_monsterinsights_sitenote_active":false,"_monsterinsights_sitenote_note":"","_monsterinsights_sitenote_category":0,"footnotes":""},"class_list":["post-4256","page","type-page","status-publish","hentry"],"_links":{"self":[{"href":"https:\/\/vipack.nl\/fr\/wp-json\/wp\/v2\/pages\/4256","targetHints":{"allow":["GET"]}}],"collection":[{"href":"https:\/\/vipack.nl\/fr\/wp-json\/wp\/v2\/pages"}],"about":[{"href":"https:\/\/vipack.nl\/fr\/wp-json\/wp\/v2\/types\/page"}],"author":[{"embeddable":true,"href":"https:\/\/vipack.nl\/fr\/wp-json\/wp\/v2\/users\/1"}],"replies":[{"embeddable":true,"href":"https:\/\/vipack.nl\/fr\/wp-json\/wp\/v2\/comments?post=4256"}],"version-history":[{"count":29,"href":"https:\/\/vipack.nl\/fr\/wp-json\/wp\/v2\/pages\/4256\/revisions"}],"predecessor-version":[{"id":5358,"href":"https:\/\/vipack.nl\/fr\/wp-json\/wp\/v2\/pages\/4256\/revisions\/5358"}],"wp:attachment":[{"href":"https:\/\/vipack.nl\/fr\/wp-json\/wp\/v2\/media?parent=4256"}],"curies":[{"name":"wp","href":"https:\/\/api.w.org\/{rel}","templated":true}]}}