{"id":4414,"date":"2021-07-09T14:52:01","date_gmt":"2021-07-09T14:52:01","guid":{"rendered":"https:\/\/vipack.nl\/declaration-de-confidentialite\/"},"modified":"2021-07-09T14:52:07","modified_gmt":"2021-07-09T14:52:07","slug":"declaration-de-confidentialite","status":"publish","type":"page","link":"https:\/\/vipack.nl\/fr\/declaration-de-confidentialite\/","title":{"rendered":"D\u00e9claration de confidentialit\u00e9"},"content":{"rendered":"\t\t<div data-elementor-type=\"wp-page\" data-elementor-id=\"4414\" class=\"elementor elementor-4414 elementor-172\" data-elementor-post-type=\"page\">\n\t\t\t\t\t\t<section class=\"elementor-section elementor-top-section elementor-element elementor-element-2c4e259 elementor-section-boxed elementor-section-height-default elementor-section-height-default\" data-id=\"2c4e259\" data-element_type=\"section\" data-settings=\"{&quot;background_background&quot;:&quot;classic&quot;}\">\n\t\t\t\t\t\t<div class=\"elementor-container elementor-column-gap-default\">\n\t\t\t\t\t<div class=\"elementor-column elementor-col-100 elementor-top-column elementor-element elementor-element-7e5e5e2\" data-id=\"7e5e5e2\" data-element_type=\"column\">\n\t\t\t<div class=\"elementor-widget-wrap elementor-element-populated\">\n\t\t\t\t\t\t<section class=\"elementor-section elementor-inner-section elementor-element elementor-element-debf111 elementor-section-boxed elementor-section-height-default elementor-section-height-default\" data-id=\"debf111\" data-element_type=\"section\" data-settings=\"{&quot;background_background&quot;:&quot;classic&quot;}\">\n\t\t\t\t\t\t<div class=\"elementor-container elementor-column-gap-default\">\n\t\t\t\t\t<div class=\"elementor-column elementor-col-100 elementor-inner-column elementor-element elementor-element-b5fcc42\" data-id=\"b5fcc42\" data-element_type=\"column\">\n\t\t\t<div class=\"elementor-widget-wrap elementor-element-populated\">\n\t\t\t\t\t\t<div class=\"elementor-element elementor-element-fb5d4f2 elementor-widget elementor-widget-heading\" data-id=\"fb5d4f2\" data-element_type=\"widget\" data-widget_type=\"heading.default\">\n\t\t\t\t<div class=\"elementor-widget-container\">\n\t\t\t\t\t<h1 class=\"elementor-heading-title elementor-size-default\">D\u00e9claration de confidentialit\u00e9<\/h1>\t\t\t\t<\/div>\n\t\t\t\t<\/div>\n\t\t\t\t<div class=\"elementor-element elementor-element-63bde83 elementor-widget elementor-widget-text-editor\" data-id=\"63bde83\" data-element_type=\"widget\" data-widget_type=\"text-editor.default\">\n\t\t\t\t<div class=\"elementor-widget-container\">\n\t\t\t\t\t\t\t\t\t<p>La pr\u00e9sente d\u00e9claration de confidentialit\u00e9 concerne notre site web https:\/\/www.vipack.nl et les services connexes.<br \/>Vipack B.V., situ\u00e9e \u00e0 Minckelersstraat 7, 6372 PP Landgraaf, est responsable du traitement des donn\u00e9es personnelles tel que d\u00e9crit dans la pr\u00e9sente d\u00e9claration de confidentialit\u00e9.<\/p>\n<p><strong><b>Cette d\u00e9claration de confidentialit\u00e9 a \u00e9t\u00e9 mise \u00e0 jour pour la derni\u00e8re fois le : 25 novembre 2020. <\/b><\/strong><\/p>\n\t\t\t\t\t\t\t\t<\/div>\n\t\t\t\t<\/div>\n\t\t\t\t<div class=\"elementor-element elementor-element-83e1e79 elementor-widget elementor-widget-heading\" data-id=\"83e1e79\" data-element_type=\"widget\" data-widget_type=\"heading.default\">\n\t\t\t\t<div class=\"elementor-widget-container\">\n\t\t\t\t\t<h3 class=\"elementor-heading-title elementor-size-default\">Coordonn\u00e9es de contact<\/h3>\t\t\t\t<\/div>\n\t\t\t\t<\/div>\n\t\t\t\t<div class=\"elementor-element elementor-element-ec34692 elementor-widget elementor-widget-text-editor\" data-id=\"ec34692\" data-element_type=\"widget\" data-widget_type=\"text-editor.default\">\n\t\t\t\t<div class=\"elementor-widget-container\">\n\t\t\t\t\t\t\t\t\t<p>https:\/\/www.vipack.nl\/contact<br \/>Minckelersstraat 7, 6372 PP Landgraaf<br \/>+31457501220<\/p>\n<p>Le d\u00e9l\u00e9gu\u00e9 \u00e0 la protection des donn\u00e9es de Vipack B.V. peut \u00eatre joint \u00e0 l&rsquo;adresse info@vipack.nl.<\/p>\n\t\t\t\t\t\t\t\t<\/div>\n\t\t\t\t<\/div>\n\t\t\t\t<div class=\"elementor-element elementor-element-2972734 elementor-widget elementor-widget-heading\" data-id=\"2972734\" data-element_type=\"widget\" data-widget_type=\"heading.default\">\n\t\t\t\t<div class=\"elementor-widget-container\">\n\t\t\t\t\t<h3 class=\"elementor-heading-title elementor-size-default\">Donn\u00e9es personnelles que nous traitons<\/h3>\t\t\t\t<\/div>\n\t\t\t\t<\/div>\n\t\t\t\t<div class=\"elementor-element elementor-element-26a853c elementor-widget elementor-widget-text-editor\" data-id=\"26a853c\" data-element_type=\"widget\" data-widget_type=\"text-editor.default\">\n\t\t\t\t<div class=\"elementor-widget-container\">\n\t\t\t\t\t\t\t\t\t<p>Vipack B.V. traite vos donn\u00e9es personnelles parce que vous faites appel \u00e0 nos services et\/ou parce que vous nous fournissez vous-m\u00eame ces services.<\/p>\n<p>Vous trouverez ci-dessous un aper\u00e7u des donn\u00e9es personnelles que nous traitons :<\/p>\n<ul>\n<li>Nom et pr\u00e9nom<\/li>\n<li>D\u00e9tails de l&rsquo;adresse<\/li>\n<li>Num\u00e9ro de t\u00e9l\u00e9phone<\/li>\n<li>Adresse \u00e9lectronique<\/li>\n<li>D&rsquo;autres donn\u00e9es personnelles que vous fournissez activement, par exemple en cr\u00e9ant un profil sur ce site web, dans la correspondance et par t\u00e9l\u00e9phone<\/li>\n<li>Informations sur vos activit\u00e9s sur notre site web<\/li>\n<\/ul>\n\t\t\t\t\t\t\t\t<\/div>\n\t\t\t\t<\/div>\n\t\t\t\t<div class=\"elementor-element elementor-element-5338cf2 elementor-widget elementor-widget-heading\" data-id=\"5338cf2\" data-element_type=\"widget\" data-widget_type=\"heading.default\">\n\t\t\t\t<div class=\"elementor-widget-container\">\n\t\t\t\t\t<h3 class=\"elementor-heading-title elementor-size-default\">Donn\u00e9es personnelles sp\u00e9ciales et\/ou sensibles que nous traitons<\/h3>\t\t\t\t<\/div>\n\t\t\t\t<\/div>\n\t\t\t\t<div class=\"elementor-element elementor-element-7fc9281 elementor-widget elementor-widget-text-editor\" data-id=\"7fc9281\" data-element_type=\"widget\" data-widget_type=\"text-editor.default\">\n\t\t\t\t<div class=\"elementor-widget-container\">\n\t\t\t\t\t\t\t\t\t<p>Notre site web et\/ou service n&rsquo;a pas l&rsquo;intention de collecter des informations sur les visiteurs du site web \u00e2g\u00e9s de moins de 16 ans. Sauf s&rsquo;ils ont la permission des parents ou des tuteurs. Cependant, nous ne pouvons pas v\u00e9rifier si un visiteur a plus de 16 ans. Nous encourageons les parents \u00e0 s&rsquo;impliquer dans les activit\u00e9s en ligne de leurs enfants afin de garantir qu&rsquo;aucune donn\u00e9e n&rsquo;est collect\u00e9e \u00e0 leur sujet sans leur autorisation. Si vous pensez que nous avons recueilli des informations personnelles sur un mineur sans ce consentement, veuillez nous contacter \u00e0 l&rsquo;adresse info@vipack.nl et nous supprimerons ces informations.<\/p>\n\t\t\t\t\t\t\t\t<\/div>\n\t\t\t\t<\/div>\n\t\t\t\t<div class=\"elementor-element elementor-element-69baaef elementor-widget elementor-widget-heading\" data-id=\"69baaef\" data-element_type=\"widget\" data-widget_type=\"heading.default\">\n\t\t\t\t<div class=\"elementor-widget-container\">\n\t\t\t\t\t<h3 class=\"elementor-heading-title elementor-size-default\">Dans quel but et sur quelle base traitons-nous les donn\u00e9es personnelles ?<\/h3>\t\t\t\t<\/div>\n\t\t\t\t<\/div>\n\t\t\t\t<div class=\"elementor-element elementor-element-dada610 elementor-widget elementor-widget-text-editor\" data-id=\"dada610\" data-element_type=\"widget\" data-widget_type=\"text-editor.default\">\n\t\t\t\t<div class=\"elementor-widget-container\">\n\t\t\t\t\t\t\t\t\t<p>Vipack B.V. traite vos donn\u00e9es personnelles aux fins suivantes :<\/p>\n<ul>\n<li>Envoi de notre newsletter et\/ou de notre brochure publicitaire<\/li>\n<li>Pour pouvoir vous appeler ou vous envoyer un courrier \u00e9lectronique si cela est n\u00e9cessaire \u00e0 l&rsquo;ex\u00e9cution de notre service.<\/li>\n<li>Vous informer des modifications apport\u00e9es \u00e0 nos services et produits<\/li>\n<li>Vous offrir la possibilit\u00e9 de cr\u00e9er un compte<\/li>\n<li>Pour vous fournir des biens et des services<\/li>\n<li>Vipack B.V. traite \u00e9galement des donn\u00e9es personnelles si nous sommes l\u00e9galement oblig\u00e9s de le faire, comme les donn\u00e9es dont nous avons besoin pour notre d\u00e9claration fiscale.<\/li>\n<\/ul>\n\t\t\t\t\t\t\t\t<\/div>\n\t\t\t\t<\/div>\n\t\t\t\t<div class=\"elementor-element elementor-element-049c496 elementor-widget elementor-widget-heading\" data-id=\"049c496\" data-element_type=\"widget\" data-widget_type=\"heading.default\">\n\t\t\t\t<div class=\"elementor-widget-container\">\n\t\t\t\t\t<h3 class=\"elementor-heading-title elementor-size-default\">Prise de d\u00e9cision automatis\u00e9e<\/h3>\t\t\t\t<\/div>\n\t\t\t\t<\/div>\n\t\t\t\t<div class=\"elementor-element elementor-element-430f9f6 elementor-widget elementor-widget-text-editor\" data-id=\"430f9f6\" data-element_type=\"widget\" data-widget_type=\"text-editor.default\">\n\t\t\t\t<div class=\"elementor-widget-container\">\n\t\t\t\t\t\t\t\t\t<p>Vipack B.V. ne prend pas de d\u00e9cisions sur la base d&rsquo;un traitement automatis\u00e9 sur des questions qui pourraient avoir des cons\u00e9quences (consid\u00e9rables) pour les personnes. Il s&rsquo;agit de d\u00e9cisions qui sont prises par des programmes ou des syst\u00e8mes informatiques, sans qu&rsquo;une personne soit impliqu\u00e9e (par exemple un employ\u00e9 de Vipack B.V.). Vipack B.V. utilise les programmes ou syst\u00e8mes informatiques suivants :<\/p>\n\t\t\t\t\t\t\t\t<\/div>\n\t\t\t\t<\/div>\n\t\t\t\t<div class=\"elementor-element elementor-element-71525a2 elementor-widget elementor-widget-heading\" data-id=\"71525a2\" data-element_type=\"widget\" data-widget_type=\"heading.default\">\n\t\t\t\t<div class=\"elementor-widget-container\">\n\t\t\t\t\t<h3 class=\"elementor-heading-title elementor-size-default\">Combien de temps nous conservons les donn\u00e9es personnelles<\/h3>\t\t\t\t<\/div>\n\t\t\t\t<\/div>\n\t\t\t\t<div class=\"elementor-element elementor-element-d9cfca0 elementor-widget elementor-widget-text-editor\" data-id=\"d9cfca0\" data-element_type=\"widget\" data-widget_type=\"text-editor.default\">\n\t\t\t\t<div class=\"elementor-widget-container\">\n\t\t\t\t\t\t\t\t\t<p>Vipack B.V. ne conserve pas vos donn\u00e9es personnelles plus longtemps que ce qui est strictement n\u00e9cessaire aux fins pour lesquelles vos donn\u00e9es sont collect\u00e9es. Nous appliquons les p\u00e9riodes de conservation suivantes pour les (cat\u00e9gories) de donn\u00e9es personnelles suivantes :<\/p>\n<p><strong>Partage des donn\u00e9es personnelles avec des tierses<br \/><\/strong> Vipack B.V. ne fournit \u00e0 des tiers que si cela est n\u00e9cessaire pour l&rsquo;ex\u00e9cution de notre contrat avec vous ou pour se conformer \u00e0 une obligation l\u00e9gale.<\/p>\n<p><strong>Cookies, of vergelijkbare technieken, die wij gebruiken<br \/><\/strong>Vipack B.V. utilise uniquement des cookies techniques et fonctionnels. Et des cookies analytiques qui ne portent pas atteinte \u00e0 votre vie priv\u00e9e. Un cookie est un petit fichier texte qui est stock\u00e9 sur votre ordinateur, tablette ou smartphone lors de votre premi\u00e8re visite sur ce site web. Les cookies que nous utilisons sont n\u00e9cessaires au fonctionnement technique du site web et \u00e0 votre confort d&rsquo;utilisation. Ils veillent \u00e0 ce que le site web fonctionne correctement et se souviennent, par exemple, de vos pr\u00e9f\u00e9rences. Cela nous permet \u00e9galement d&rsquo;optimiser notre site web. Vous pouvez refuser les cookies en configurant votre navigateur Internet de mani\u00e8re \u00e0 ce qu&rsquo;il ne stocke plus de cookies. En outre, vous pouvez supprimer toutes les informations pr\u00e9c\u00e9demment stock\u00e9es par le biais des param\u00e8tres de votre navigateur.<\/p>\n\t\t\t\t\t\t\t\t<\/div>\n\t\t\t\t<\/div>\n\t\t\t\t<div class=\"elementor-element elementor-element-0cd0ec9 elementor-widget elementor-widget-heading\" data-id=\"0cd0ec9\" data-element_type=\"widget\" data-widget_type=\"heading.default\">\n\t\t\t\t<div class=\"elementor-widget-container\">\n\t\t\t\t\t<h3 class=\"elementor-heading-title elementor-size-default\">Visualisation, modification ou suppression de donn\u00e9es<\/h3>\t\t\t\t<\/div>\n\t\t\t\t<\/div>\n\t\t\t\t<div class=\"elementor-element elementor-element-4b1593a elementor-widget elementor-widget-text-editor\" data-id=\"4b1593a\" data-element_type=\"widget\" data-widget_type=\"text-editor.default\">\n\t\t\t\t<div class=\"elementor-widget-container\">\n\t\t\t\t\t\t\t\t\t<p>Vous avez le droit de consulter, de corriger ou de supprimer vos donn\u00e9es personnelles. Vous pouvez le faire vous-m\u00eame via les param\u00e8tres personnels de votre compte. En outre, vous avez le droit de retirer tout consentement au traitement des donn\u00e9es ou de vous opposer au traitement de vos donn\u00e9es personnelles par notre soci\u00e9t\u00e9 et vous avez le droit \u00e0 la portabilit\u00e9 des donn\u00e9es. Cela signifie que vous pouvez nous demander d&rsquo;envoyer les donn\u00e9es personnelles dont nous disposons \u00e0 votre sujet dans un fichier informatique \u00e0 vous-m\u00eame ou \u00e0 une autre organisation que vous aurez d\u00e9sign\u00e9e.<\/p>\n<p>Si vous souhaitez exercer votre droit d&rsquo;opposition et\/ou votre droit \u00e0 la portabilit\u00e9 des donn\u00e9es ou si vous avez d&rsquo;autres questions\/commentaires sur le traitement des donn\u00e9es, veuillez envoyer une demande sp\u00e9cifique \u00e0 info@vipack.nl.<\/p>\n<p>Pour s&rsquo;assurer que la demande d&rsquo;inspection est faite par vous, nous vous demandons d&rsquo;envoyer une copie de votre pi\u00e8ce d&rsquo;identit\u00e9 avec la demande. Dans cette copie, assurez-vous que votre photo d&rsquo;identit\u00e9, la MRZ (zone de lecture automatique), le num\u00e9ro de passeport et le num\u00e9ro de service du citoyen (BSN) sont en noir. Ceci afin de prot\u00e9ger votre vie priv\u00e9e. Vipack B.V. r\u00e9pondra \u00e0 votre demande le plus rapidement possible, mais en tout cas dans les quatre semaines.<\/p>\n<p>Vipack B.V. vous signale \u00e9galement que vous avez la possibilit\u00e9 d&rsquo;introduire une plainte aupr\u00e8s de l&rsquo;autorit\u00e9 nationale de contr\u00f4le, l&rsquo;autorit\u00e9 n\u00e9erlandaise de protection des donn\u00e9es. Vous pouvez le faire via le lien suivant : https:\/\/autoriteitpersoonsgegevens.nl\/nl\/contact-met-de-autoriteit-persoonsgegevens\/tip-ons.<\/p>\n\t\t\t\t\t\t\t\t<\/div>\n\t\t\t\t<\/div>\n\t\t\t\t<div class=\"elementor-element elementor-element-e33d9e2 elementor-widget elementor-widget-heading\" data-id=\"e33d9e2\" data-element_type=\"widget\" data-widget_type=\"heading.default\">\n\t\t\t\t<div class=\"elementor-widget-container\">\n\t\t\t\t\t<h3 class=\"elementor-heading-title elementor-size-default\">Comment nous s\u00e9curisons les donn\u00e9es personnelles<\/h3>\t\t\t\t<\/div>\n\t\t\t\t<\/div>\n\t\t\t\t<div class=\"elementor-element elementor-element-330a65e elementor-widget elementor-widget-text-editor\" data-id=\"330a65e\" data-element_type=\"widget\" data-widget_type=\"text-editor.default\">\n\t\t\t\t<div class=\"elementor-widget-container\">\n\t\t\t\t\t\t\t\t\t<p>Vipack B.V. prend au s\u00e9rieux la protection de vos donn\u00e9es et prend des mesures appropri\u00e9es pour \u00e9viter les abus, les pertes, les acc\u00e8s non autoris\u00e9s, les publications non souhait\u00e9es et les modifications non autoris\u00e9es. Si vous avez l&rsquo;impression que vos donn\u00e9es ne sont pas correctement s\u00e9curis\u00e9es ou qu&rsquo;il y a des indications d&rsquo;utilisation abusive, veuillez contacter notre service client ou via info@vipack.nl<\/p>\n\t\t\t\t\t\t\t\t<\/div>\n\t\t\t\t<\/div>\n\t\t\t\t<div class=\"elementor-element elementor-element-d2ed5ed elementor-align-justify elementor-widget elementor-widget-button\" data-id=\"d2ed5ed\" data-element_type=\"widget\" data-widget_type=\"button.default\">\n\t\t\t\t<div class=\"elementor-widget-container\">\n\t\t\t\t\t\t\t\t\t<div class=\"elementor-button-wrapper\">\n\t\t\t\t\t<a class=\"elementor-button elementor-button-link elementor-size-sm elementor-animation-grow\" href=\"https:\/\/vipack.nl\/wp-content\/uploads\/2020\/11\/Pivacy-Statement-Vipack-BV.pdf\" target=\"_blank\">\n\t\t\t\t\t\t<span class=\"elementor-button-content-wrapper\">\n\t\t\t\t\t\t\t\t\t<span class=\"elementor-button-text\">T\u00e9l\u00e9charger cette d\u00e9claration de confidentialit\u00e9<\/span>\n\t\t\t\t\t<\/span>\n\t\t\t\t\t<\/a>\n\t\t\t\t<\/div>\n\t\t\t\t\t\t\t\t<\/div>\n\t\t\t\t<\/div>\n\t\t\t\t\t<\/div>\n\t\t<\/div>\n\t\t\t\t\t<\/div>\n\t\t<\/section>\n\t\t\t\t\t<\/div>\n\t\t<\/div>\n\t\t\t\t\t<\/div>\n\t\t<\/section>\n\t\t\t\t<\/div>\n\t\t","protected":false},"excerpt":{"rendered":"<p>D\u00e9claration de confidentialit\u00e9 La pr\u00e9sente d\u00e9claration de confidentialit\u00e9 concerne notre site web https:\/\/www.vipack.nl et les services connexes.Vipack B.V., situ\u00e9e \u00e0 Minckelersstraat 7, 6372 PP Landgraaf, est responsable du traitement des donn\u00e9es personnelles tel que d\u00e9crit dans la pr\u00e9sente d\u00e9claration de confidentialit\u00e9. Cette d\u00e9claration de confidentialit\u00e9 a \u00e9t\u00e9 mise \u00e0 jour pour la derni\u00e8re fois le [&hellip;]<\/p>\n","protected":false},"author":1,"featured_media":0,"parent":0,"menu_order":0,"comment_status":"closed","ping_status":"closed","template":"","meta":{"_monsterinsights_skip_tracking":false,"_monsterinsights_sitenote_active":false,"_monsterinsights_sitenote_note":"","_monsterinsights_sitenote_category":0,"footnotes":""},"class_list":["post-4414","page","type-page","status-publish","hentry"],"_links":{"self":[{"href":"https:\/\/vipack.nl\/fr\/wp-json\/wp\/v2\/pages\/4414","targetHints":{"allow":["GET"]}}],"collection":[{"href":"https:\/\/vipack.nl\/fr\/wp-json\/wp\/v2\/pages"}],"about":[{"href":"https:\/\/vipack.nl\/fr\/wp-json\/wp\/v2\/types\/page"}],"author":[{"embeddable":true,"href":"https:\/\/vipack.nl\/fr\/wp-json\/wp\/v2\/users\/1"}],"replies":[{"embeddable":true,"href":"https:\/\/vipack.nl\/fr\/wp-json\/wp\/v2\/comments?post=4414"}],"version-history":[{"count":3,"href":"https:\/\/vipack.nl\/fr\/wp-json\/wp\/v2\/pages\/4414\/revisions"}],"predecessor-version":[{"id":4417,"href":"https:\/\/vipack.nl\/fr\/wp-json\/wp\/v2\/pages\/4414\/revisions\/4417"}],"wp:attachment":[{"href":"https:\/\/vipack.nl\/fr\/wp-json\/wp\/v2\/media?parent=4414"}],"curies":[{"name":"wp","href":"https:\/\/api.w.org\/{rel}","templated":true}]}}